{"id":24384,"date":"2025-02-15T17:50:39","date_gmt":"2025-02-15T16:50:39","guid":{"rendered":"https:\/\/www.nailartist.academy\/?post_type=product&#038;p=24384"},"modified":"2026-03-31T19:51:11","modified_gmt":"2026-03-31T18:51:11","slug":"spugnette-sfumature-unghie","status":"publish","type":"product","link":"https:\/\/www.nailartist.academy\/en\/shop\/spugnette-sfumature-unghie\/","title":{"rendered":"Spugnette per sfumature 6pz"},"content":{"rendered":"<p>Spugnette senza lattice ideali per la <a href=\"https:\/\/www.nailartist.academy\/corsi\/corso-sfumature-unghie\/\">tecnica delle sfumature su unghie<\/a>.<\/p>\n<p>Ideali da utilizzare con la pinza, ogni spugnetta \u00e8 ritagliabile in pi\u00f9 pezzi per poter essere sfruttata con un ampio numero di combinazioni di colori.<\/p>\n<p>La spugnetta pu\u00f2 essere riutilizzata pi\u00f9 volte per la stessa tonalit\u00e0 di sfumatura, ma si raccomanda di scaricare bene il colore in eccesso su un pezzo di Scottex prima di riporla.<br \/>\nNON utilizzare il cleanser.<\/p>\n<p>La confezione contiene 6 pezzi.<\/p>\n","protected":false},"excerpt":{"rendered":"<p>Spugnette senza lattice per la tecnica delle sfumature.<\/p>\n","protected":false},"featured_media":24304,"comment_status":"closed","ping_status":"closed","template":"","meta":[],"product_brand":[],"product_cat":[124],"product_tag":[],"class_list":{"0":"post-24384","1":"product","2":"type-product","3":"status-publish","4":"has-post-thumbnail","6":"product_cat-accessori","8":"first","9":"instock","10":"taxable","11":"shipping-taxable","12":"purchasable","13":"product-type-simple"},"_links":{"self":[{"href":"https:\/\/www.nailartist.academy\/en\/wp-json\/wp\/v2\/product\/24384","targetHints":{"allow":["GET"]}}],"collection":[{"href":"https:\/\/www.nailartist.academy\/en\/wp-json\/wp\/v2\/product"}],"about":[{"href":"https:\/\/www.nailartist.academy\/en\/wp-json\/wp\/v2\/types\/product"}],"replies":[{"embeddable":true,"href":"https:\/\/www.nailartist.academy\/en\/wp-json\/wp\/v2\/comments?post=24384"}],"wp:featuredmedia":[{"embeddable":true,"href":"https:\/\/www.nailartist.academy\/en\/wp-json\/wp\/v2\/media\/24304"}],"wp:attachment":[{"href":"https:\/\/www.nailartist.academy\/en\/wp-json\/wp\/v2\/media?parent=24384"}],"wp:term":[{"taxonomy":"product_brand","embeddable":true,"href":"https:\/\/www.nailartist.academy\/en\/wp-json\/wp\/v2\/product_brand?post=24384"},{"taxonomy":"product_cat","embeddable":true,"href":"https:\/\/www.nailartist.academy\/en\/wp-json\/wp\/v2\/product_cat?post=24384"},{"taxonomy":"product_tag","embeddable":true,"href":"https:\/\/www.nailartist.academy\/en\/wp-json\/wp\/v2\/product_tag?post=24384"}],"curies":[{"name":"wp","href":"https:\/\/api.w.org\/{rel}","templated":true}]}}