{"id":27824,"date":"2025-05-11T11:23:49","date_gmt":"2025-05-11T10:23:49","guid":{"rendered":"https:\/\/www.nailartist.academy\/?post_type=product&#038;p=27824"},"modified":"2026-03-08T12:38:22","modified_gmt":"2026-03-08T11:38:22","slug":"baby-blue-no-heat-gel-costruttore-trifasico-azzurro","status":"publish","type":"product","link":"https:\/\/www.nailartist.academy\/en\/shop\/baby-blue-no-heat-gel-costruttore-trifasico-azzurro\/","title":{"rendered":"Baby Blue No Heat &#8211; Gel Costruttore Trifasico Azzurro"},"content":{"rendered":"<p>Il Gel Costruttore Baby Blue No Heat \u00e8 un <strong>gel trifasico azzurro coprente<\/strong>\u00a0a <strong>viscosit\u00e0 medio-bassa, autolivellante<\/strong>, ideale per la <strong>copertura delle unghie naturali<\/strong> e per <strong>ricostruzioni da salone e refill.<\/strong><\/p>\n<p>Non genera calore in lampada, garantendo un\u2019applicazione confortevole. La sua formulazione consente di mantenere perfettamente forma e pinzatura ed \u00e8 ideale per la tecnica senza limatura.<\/p>\n<p>La sua colorazione azzurro pastello lattiginoso pu\u00f2 essere sigillata cos\u00ec com&#8217;\u00e8 oppure utilizzata per creare tanti effetti come una sfumatura di glitter, un baby boomer, una marmorizzazione, ecc..<br \/>\nPolimerizza in lampada UV&amp;LED in 60 sec.<em>\u00a0<\/em><\/p>\n<p><strong>Formato<\/strong> 15g<\/p>\n<p><strong>Caratteristiche:<\/strong><\/p>\n<ul>\n<li class=\"firstItem\"><strong>Colore:<\/strong> azzurro pastello lattiginoso;<\/li>\n<li><strong>Densit\u00e0<\/strong>: 2 su 5;<\/li>\n<li><strong>Calore in Lampada<\/strong>: 1 su 5;<\/li>\n<li><strong>Autolivellante<\/strong>: 4 su 5;<\/li>\n<li><strong>Coprenza<\/strong>: 3,5 su 5;<\/li>\n<li><strong>Flessibile<\/strong><\/li>\n<li class=\"lastItem\"><strong>Pinzabile<\/strong>: 20 secondi.<\/li>\n<\/ul>\n<p><strong>Utilizzo:<\/strong><\/p>\n<ul>\n<li class=\"firstItem\">Preparare l\u2019unghia naturale e opacizzare con <a href=\"https:\/\/www.nailartist.academy\/negozio\/lima-unghie-mezzaluna-100-180-grit\/\">lima 180 grit<\/a> o con apposite <a href=\"https:\/\/www.nailartist.academy\/negozio\/cilindri-abrasivi-240grit\/\">punte per fresa<\/a>;<\/li>\n<li>Eliminare la polvere di limatura con l\u2019apposita <a href=\"https:\/\/www.nailartist.academy\/negozio\/spazzola-manicure-unghie\/\">spazzolina per manicure<\/a>;<\/li>\n<li>Applicare il\u00a0<a href=\"https:\/\/www.nailartist.academy\/negozio\/nail-prep-unghie\/\">Nail Prep<\/a> e lasciare asciugare all\u2019aria;<\/li>\n<li>Se necessario applicare il <a href=\"https:\/\/www.nailartist.academy\/negozio\/primer-acido-unghie\/\">primer acido<\/a> o <a href=\"https:\/\/www.nailartist.academy\/negozio\/primer-non-acido-unghie\/\">primer non acido<\/a> (a seconda delle esigenze) e lasciare asciugare all\u2019aria;<\/li>\n<li>Applicare uno strato sottile di <a href=\"https:\/\/www.nailartist.academy\/negozio\/base-gel-costruttori\/\">Base Gel<\/a><em>\u00a0<\/em>con l\u2019apposito pennello per gel e polimerizzare in <a href=\"https:\/\/www.nailartist.academy\/negozio\/lampada-uv-led-unghie-futura\/\">lampada UV&amp;LED<\/a>;<\/li>\n<li>Applicare il Gel Costruttore Baby Blue No Heat senza rimuovere lo strato di dispersione e procedere con il lavoro secondo le proprie esigenze, polimerizzare in lampada UV&amp;LED;<\/li>\n<li>Rimuovere lo strato di dispersione con apposito solvente e dare la forma desiderata all\u2019unghia;<\/li>\n<li>Applicare il colore e polimerizzare il lampada UV&amp;LED;<\/li>\n<li>Sigillare con un sigillante<em>\u00a0<\/em>e polimerizzare in lampada UV&amp;LED;<\/li>\n<li>Rimuovere l\u2019eventuale strato di dispersione con l\u2019apposito solvente;<\/li>\n<li class=\"lastItem\">Idratare con olio per cuticole.<\/li>\n<\/ul>\n","protected":false},"excerpt":{"rendered":"<p>Il Gel Costruttore Baby Blue No Heat \u00e8 un <strong>gel trifasico azzurro coprente<\/strong>\u00a0a <strong>viscosit\u00e0 medio-bassa, autolivellante<\/strong>, ideale per la <strong>copertura delle unghie naturali<\/strong> e per <strong>ricostruzioni da salone e refill.<\/strong><\/p>\n<p>Non genera calore in lampada, garantendo un\u2019applicazione confortevole. La sua formulazione consente di mantenere perfettamente forma e pinzatura ed \u00e8 ideale per la tecnica senza limatura.<\/p>\n<p>La sua colorazione azzurro pastello lattiginoso pu\u00f2 essere sigillata cos\u00ec com&#8217;\u00e8 oppure utilizzata per creare tanti effetti come una sfumatura di glitter, un baby boomer, una marmorizzazione, ecc..<br \/>\nPolimerizza in lampada UV&amp;LED in 60 sec.<em>\u00a0<\/em><\/p>\n","protected":false},"featured_media":27831,"comment_status":"closed","ping_status":"closed","template":"","meta":[],"product_brand":[210],"product_cat":[190],"product_tag":[],"class_list":{"0":"post-27824","1":"product","2":"type-product","3":"status-publish","4":"has-post-thumbnail","6":"product_brand-molly-nails","7":"product_cat-gel-costruttori-unghie","9":"first","10":"outofstock","11":"taxable","12":"shipping-taxable","13":"purchasable","14":"product-type-simple"},"_links":{"self":[{"href":"https:\/\/www.nailartist.academy\/en\/wp-json\/wp\/v2\/product\/27824","targetHints":{"allow":["GET"]}}],"collection":[{"href":"https:\/\/www.nailartist.academy\/en\/wp-json\/wp\/v2\/product"}],"about":[{"href":"https:\/\/www.nailartist.academy\/en\/wp-json\/wp\/v2\/types\/product"}],"replies":[{"embeddable":true,"href":"https:\/\/www.nailartist.academy\/en\/wp-json\/wp\/v2\/comments?post=27824"}],"wp:featuredmedia":[{"embeddable":true,"href":"https:\/\/www.nailartist.academy\/en\/wp-json\/wp\/v2\/media\/27831"}],"wp:attachment":[{"href":"https:\/\/www.nailartist.academy\/en\/wp-json\/wp\/v2\/media?parent=27824"}],"wp:term":[{"taxonomy":"product_brand","embeddable":true,"href":"https:\/\/www.nailartist.academy\/en\/wp-json\/wp\/v2\/product_brand?post=27824"},{"taxonomy":"product_cat","embeddable":true,"href":"https:\/\/www.nailartist.academy\/en\/wp-json\/wp\/v2\/product_cat?post=27824"},{"taxonomy":"product_tag","embeddable":true,"href":"https:\/\/www.nailartist.academy\/en\/wp-json\/wp\/v2\/product_tag?post=27824"}],"curies":[{"name":"wp","href":"https:\/\/api.w.org\/{rel}","templated":true}]}}